{"id":226,"date":"2023-06-04T23:50:23","date_gmt":"2023-06-04T23:50:23","guid":{"rendered":"https:\/\/i4buy.com\/?post_type=product&#038;p=226"},"modified":"2026-04-13T12:42:23","modified_gmt":"2026-04-13T10:42:23","slug":"pbe-5ac-gen2","status":"publish","type":"product","link":"https:\/\/i4buy.com\/en\/product\/pbe-5ac-gen2\/","title":{"rendered":"POWERBEAM 420 -AC-Gen2"},"content":{"rendered":"<ul>\n<li class=\"a-spacing-mini\"><span class=\"a-list-item\">\u062d\u0632\u0645\u0629 \u0628\u0627\u0648\u0631 \u0628\u064a\u0645 \u0627\u064a\u0647 \u0633\u064a \u0627\u0644\u062c\u064a\u0644 \u0627\u0644\u062b\u0627\u0646\u064a PBE-5AC-Gen2-US 5GHz \u0639\u0627\u0644\u064a\u0629 \u0627\u0644\u0623\u062f\u0627\u0621 \u0627\u064a\u0631 \u0645\u0627\u0643\u0633 \u0627\u064a\u0647 \u0633\u064a \u0628\u0631\u064a\u062f\u062c \u062b\u0646\u0627\u0626\u064a \u0627\u0644\u0646\u0637\u0627\u0642 25 \u062f\u064a\u0633\u064a\u0628\u0644 \u0645\u0646 \u064a\u0648\u0628\u064a\u0643\u0648\u064a\u062a\u064a<\/span><\/li>\n<li class=\"a-spacing-mini\"><span class=\"a-list-item\">\u062a\u0637\u0644\u0642 \u064a\u0648\u0628\u064a\u0643\u0648\u064a\u062a\u064a \u0646\u064a\u062a\u0648\u0631\u0643\u0633 \u0623\u062d\u062f\u062b \u062c\u064a\u0644 \u0645\u0646 \u062c\u0647\u0627\u0632 \u0627\u064a\u0631 \u0645\u0627\u0643\u0633 \u0633\u064a \u0628\u064a \u0627\u064a (\u0645\u0639\u062f\u0627\u062a \u0623\u0645\u0627\u0643\u0646 \u0627\u0644\u0639\u0645\u0644\u0627\u0621) \u0645\u0639 \u0625\u062f\u0627\u0631\u0629 \u0648\u0627\u064a \u0641\u0627\u064a \u0645\u062e\u0635\u0635\u0629.<\/span><\/li>\n<li class=\"a-spacing-mini\"><span class=\"a-list-item\">\u0642\u0637\u0639\u062a\u0627\u0646 \u0645\u0646 \u0628\u0627\u0648\u0631 \u0628\u064a\u0645 5AC \u0627\u0644\u062c\u064a\u0644 \u0627\u0644\u062b\u0627\u0646\u064a \u064a\u0648\u062c\u0647 \u0637\u0627\u0642\u0629 \u0627\u0644\u062a\u0631\u062f\u062f \u0627\u0644\u0644\u0627\u0633\u0644\u0643\u064a \u0628\u0639\u0631\u0636 \u0634\u0639\u0627\u0639 \u0623\u0643\u062b\u0631 \u0625\u062d\u0643\u0627\u0645\u064b\u0627.<\/span><\/li>\n<li class=\"a-spacing-mini\"><span class=\"a-list-item\">\u0648\u0627\u062c\u0647\u0629 \u0627\u0644\u0634\u0628\u0643\u0629: (1) \u0645\u0646\u0641\u0630 \u0625\u064a\u062b\u0631\u0646\u062a 10\/100\/1000<\/span><\/li>\n<li class=\"a-spacing-mini\"><span class=\"a-list-item\">\u0646\u0642\u0637\u0629 \u0625\u0644\u0649 \u0646\u0642\u0637\u0629 \u0637\u0648\u064a\u0644\u0629 \u0627\u0644\u0645\u062f\u0649 (PtP) PtP: 10\/20\/30\/40\/50\/60\/80 MHz PtMP: 10\/20\/30\/40 MHz<\/span><\/li>\n<li><\/li>\n<\/ul>","protected":false},"excerpt":{"rendered":"<ul>\n<li>\n<div class=\"product-list-row product-categories\">\n<h1 class=\"product-list-title\"><strong>\u0645\u062a\u0648\u0641\u0631\u0647 \u0627\u0644\u0627\u0646 \u0628\u0637\u0631\u0627\u0628\u0644\u0633<\/strong><\/h1>\n<div class=\"product-list-content\"><a title=\"AirMax kategori etiketine sahip di\u011fer \u00fcr\u00fcnler\" href=\"https:\/\/www.mnspazar.com\/kategori\/airmax\">AirMax<\/a><\/div>\n<\/div>\n<div class=\"product-list-row product-brands\">\n<div class=\"product-list-title\">Marka<\/div>\n<div class=\"product-list-content\"><a title=\"Ubiquiti Networks marka etiketine sahip di\u011fer \u00fcr\u00fcnler\" href=\"https:\/\/www.mnspazar.com\/marka\/ubnt\">Ubiquiti Networks<\/a><\/div>\n<\/div>\n<div class=\"product-list-row\">\n<div class=\"product-list-title\">Stok Kodu<\/div>\n<div class=\"product-list-content\">PBE-5AC-Gen2<\/div>\n<\/div>\n<div class=\"product-list-row\">\n<div class=\"product-list-title\">Garanti S\u00fcresi<\/div>\n<div class=\"product-list-content\">24 Ay<\/div>\n<\/div>\n<div class=\"product-list-row\">\n<div class=\"product-list-title\">Fiyat<\/div>\n<div class=\"product-list-content\">145,00 USD + KDV<\/div>\n<\/div>\n<div class=\"product-list-row\">\n<div class=\"product-list-title\">Havale<\/div>\n<div class=\"product-list-content\">5.048,48 TL (%1,00 havale indirimi)<\/div>\n<\/div>\n<\/li>\n<\/ul>","protected":false},"featured_media":712,"comment_status":"open","ping_status":"closed","template":"","meta":[],"product_cat":[15,55,24,23,19,21,25,20,18],"product_tag":[],"class_list":{"0":"post-226","1":"product","2":"type-product","3":"status-publish","4":"has-post-thumbnail","6":"product_cat-15","7":"product_cat-ubiquiti","8":"product_cat-24","9":"product_cat-23","10":"product_cat-19","11":"product_cat-21","12":"product_cat-25","13":"product_cat-20","14":"product_cat-18","16":"first","17":"instock","18":"sale","19":"shipping-taxable","20":"purchasable","21":"product-type-simple"},"_links":{"self":[{"href":"https:\/\/i4buy.com\/en\/wp-json\/wp\/v2\/product\/226","targetHints":{"allow":["GET"]}}],"collection":[{"href":"https:\/\/i4buy.com\/en\/wp-json\/wp\/v2\/product"}],"about":[{"href":"https:\/\/i4buy.com\/en\/wp-json\/wp\/v2\/types\/product"}],"replies":[{"embeddable":true,"href":"https:\/\/i4buy.com\/en\/wp-json\/wp\/v2\/comments?post=226"}],"wp:featuredmedia":[{"embeddable":true,"href":"https:\/\/i4buy.com\/en\/wp-json\/wp\/v2\/media\/712"}],"wp:attachment":[{"href":"https:\/\/i4buy.com\/en\/wp-json\/wp\/v2\/media?parent=226"}],"wp:term":[{"taxonomy":"product_cat","embeddable":true,"href":"https:\/\/i4buy.com\/en\/wp-json\/wp\/v2\/product_cat?post=226"},{"taxonomy":"product_tag","embeddable":true,"href":"https:\/\/i4buy.com\/en\/wp-json\/wp\/v2\/product_tag?post=226"}],"curies":[{"name":"wp","href":"https:\/\/api.w.org\/{rel}","templated":true}]}}